{"id":1053,"date":"2025-03-20T00:08:54","date_gmt":"2025-03-20T00:08:54","guid":{"rendered":"https:\/\/floralfantasyshop.com\/?page_id=1053"},"modified":"2025-03-20T09:02:35","modified_gmt":"2025-03-20T09:02:35","slug":"subscribe","status":"publish","type":"page","link":"https:\/\/floralfantasyshop.com\/sq\/subscribe\/","title":{"rendered":"Subscribe"},"content":{"rendered":"<div data-elementor-type=\"wp-page\" data-elementor-id=\"1053\" class=\"elementor elementor-1053\" data-elementor-post-type=\"page\">\n\t\t\t\t<div class=\"elementor-element elementor-element-5c136d4 e-flex e-con-boxed e-con e-parent\" data-id=\"5c136d4\" data-element_type=\"container\" data-e-type=\"container\" data-settings=\"{&quot;background_background&quot;:&quot;classic&quot;}\">\n\t\t\t\t\t<div class=\"e-con-inner\">\n\t\t\t\t<div class=\"elementor-element elementor-element-9307d96 elementor-widget elementor-widget-heading\" data-id=\"9307d96\" data-element_type=\"widget\" data-e-type=\"widget\" data-widget_type=\"heading.default\">\n\t\t\t\t<div class=\"elementor-widget-container\">\n\t\t\t\t\t<h2 class=\"elementor-heading-title elementor-size-default\">Fresh Flowers, No Strings Attached<\/h2>\t\t\t\t<\/div>\n\t\t\t\t<\/div>\n\t\t<div class=\"elementor-element elementor-element-823156b e-con-full e-flex e-con e-child\" data-id=\"823156b\" data-element_type=\"container\" data-e-type=\"container\">\n\t\t<div class=\"elementor-element elementor-element-5279f1f e-con-full e-flex e-con e-child\" data-id=\"5279f1f\" data-element_type=\"container\" data-e-type=\"container\">\n\t\t\t\t<div class=\"elementor-element elementor-element-6aabaf8 elementor-widget elementor-widget-image\" data-id=\"6aabaf8\" data-element_type=\"widget\" data-e-type=\"widget\" data-widget_type=\"image.default\">\n\t\t\t\t<div class=\"elementor-widget-container\">\n\t\t\t\t\t\t\t\t\t\t\t\t\t\t\t<img decoding=\"async\" width=\"105\" height=\"104\" src=\"https:\/\/floralfantasyshop.com\/wp-content\/uploads\/2025\/03\/UrbanStems_Bouquet_in_Box_2.svg\" class=\"attachment-large size-large wp-image-1057\" alt=\"\" \/>\t\t\t\t\t\t\t\t\t\t\t\t\t\t\t<\/div>\n\t\t\t\t<\/div>\n\t\t\t\t<div class=\"elementor-element elementor-element-c0ed261 elementor-widget elementor-widget-heading\" data-id=\"c0ed261\" data-element_type=\"widget\" data-e-type=\"widget\" data-widget_type=\"heading.default\">\n\t\t\t\t<div class=\"elementor-widget-container\">\n\t\t\t\t\t<h2 class=\"elementor-heading-title elementor-size-default\">Free Shipping<\/h2>\t\t\t\t<\/div>\n\t\t\t\t<\/div>\n\t\t\t\t<\/div>\n\t\t<div class=\"elementor-element elementor-element-c1e9195 e-con-full e-flex e-con e-child\" data-id=\"c1e9195\" data-element_type=\"container\" data-e-type=\"container\">\n\t\t\t\t<div class=\"elementor-element elementor-element-434b849 elementor-widget elementor-widget-image\" data-id=\"434b849\" data-element_type=\"widget\" data-e-type=\"widget\" data-widget_type=\"image.default\">\n\t\t\t\t<div class=\"elementor-widget-container\">\n\t\t\t\t\t\t\t\t\t\t\t\t\t\t\t<img decoding=\"async\" width=\"104\" height=\"104\" src=\"https:\/\/floralfantasyshop.com\/wp-content\/uploads\/2025\/03\/UrbanStems_Shears.svg\" class=\"attachment-large size-large wp-image-1056\" alt=\"\" \/>\t\t\t\t\t\t\t\t\t\t\t\t\t\t\t<\/div>\n\t\t\t\t<\/div>\n\t\t\t\t<div class=\"elementor-element elementor-element-a4e750d elementor-widget elementor-widget-heading\" data-id=\"a4e750d\" data-element_type=\"widget\" data-e-type=\"widget\" data-widget_type=\"heading.default\">\n\t\t\t\t<div class=\"elementor-widget-container\">\n\t\t\t\t\t<h2 class=\"elementor-heading-title elementor-size-default\">Cancel  Anytime<\/h2>\t\t\t\t<\/div>\n\t\t\t\t<\/div>\n\t\t\t\t<\/div>\n\t\t<div class=\"elementor-element elementor-element-3afd798 e-con-full e-flex e-con e-child\" data-id=\"3afd798\" data-element_type=\"container\" data-e-type=\"container\">\n\t\t\t\t<div class=\"elementor-element elementor-element-383ba22 elementor-widget elementor-widget-image\" data-id=\"383ba22\" data-element_type=\"widget\" data-e-type=\"widget\" data-widget_type=\"image.default\">\n\t\t\t\t<div class=\"elementor-widget-container\">\n\t\t\t\t\t\t\t\t\t\t\t\t\t\t\t<img decoding=\"async\" width=\"104\" height=\"104\" src=\"https:\/\/floralfantasyshop.com\/wp-content\/uploads\/2025\/03\/UrbanStems_Fresh_Bouquet_The_Snowfall_Single.svg\" class=\"attachment-large size-large wp-image-1055\" alt=\"\" \/>\t\t\t\t\t\t\t\t\t\t\t\t\t\t\t<\/div>\n\t\t\t\t<\/div>\n\t\t\t\t<div class=\"elementor-element elementor-element-041b573 elementor-widget elementor-widget-heading\" data-id=\"041b573\" data-element_type=\"widget\" data-e-type=\"widget\" data-widget_type=\"heading.default\">\n\t\t\t\t<div class=\"elementor-widget-container\">\n\t\t\t\t\t<h2 class=\"elementor-heading-title elementor-size-default\">Save up to 30%<\/h2>\t\t\t\t<\/div>\n\t\t\t\t<\/div>\n\t\t\t\t<\/div>\n\t\t\t\t<\/div>\n\t\t\t\t\t<\/div>\n\t\t\t\t<\/div>\n\t\t<div class=\"elementor-element elementor-element-32982c6 e-flex e-con-boxed e-con e-parent\" data-id=\"32982c6\" data-element_type=\"container\" data-e-type=\"container\" data-settings=\"{&quot;background_background&quot;:&quot;classic&quot;}\">\n\t\t\t\t\t<div class=\"e-con-inner\">\n\t\t\t\t<div class=\"elementor-element elementor-element-bbcdbbb elementor-widget elementor-widget-heading\" data-id=\"bbcdbbb\" data-element_type=\"widget\" data-e-type=\"widget\" data-widget_type=\"heading.default\">\n\t\t\t\t<div class=\"elementor-widget-container\">\n\t\t\t\t\t<h2 class=\"elementor-heading-title elementor-size-default\">Build Your Subscription<\/h2>\t\t\t\t<\/div>\n\t\t\t\t<\/div>\n\t\t<div class=\"elementor-element elementor-element-cfc8f60 e-con-full e-flex e-con e-child\" data-id=\"cfc8f60\" data-element_type=\"container\" data-e-type=\"container\">\n\t\t\t\t<div class=\"elementor-element elementor-element-09350be elementor-grid-3 elementor-grid-tablet-3 elementor-grid-mobile-2 elementor-products-grid elementor-wc-products elementor-widget elementor-widget-woocommerce-products\" data-id=\"09350be\" data-element_type=\"widget\" data-e-type=\"widget\" data-widget_type=\"woocommerce-products.default\">\n\t\t\t\t<div class=\"elementor-widget-container\">\n\t\t\t\t\t<div class=\"woocommerce columns-3\"><ul class=\"products elementor-grid columns-3\">\n<li class=\"wcpa_has_options product type-product post-1109 status-publish first instock product_cat-subscription has-post-thumbnail taxable shipping-taxable purchasable product-type-variable has-default-attributes\">\n\t<a href=\"https:\/\/floralfantasyshop.com\/sq\/produkt\/lux\/\" class=\"woocommerce-LoopProduct-link woocommerce-loop-product__link\"><img loading=\"lazy\" decoding=\"async\" width=\"800\" height=\"800\" src=\"https:\/\/floralfantasyshop.com\/wp-content\/uploads\/2025\/03\/tulips-800x800.jpg\" class=\"attachment-woocommerce_thumbnail size-woocommerce_thumbnail\" alt=\"Floral Fantasy\" srcset=\"https:\/\/floralfantasyshop.com\/wp-content\/uploads\/2025\/03\/tulips-800x800.jpg 800w, https:\/\/floralfantasyshop.com\/wp-content\/uploads\/2025\/03\/tulips-150x150.jpg 150w, https:\/\/floralfantasyshop.com\/wp-content\/uploads\/2025\/03\/tulips-100x100.jpg 100w\" sizes=\"(max-width: 800px) 100vw, 800px\" \/><h2 class=\"woocommerce-loop-product__title\">Lux<\/h2>\n\t<span class=\"price\"><span class=\"woocommerce-Price-amount amount\" aria-hidden=\"true\"><bdi>130,00&nbsp;<span class=\"woocommerce-Price-currencySymbol\">&euro;<\/span><\/bdi><\/span> <span aria-hidden=\"true\">&ndash;<\/span> <span class=\"woocommerce-Price-amount amount\" aria-hidden=\"true\"><bdi>442,00&nbsp;<span class=\"woocommerce-Price-currencySymbol\">&euro;<\/span><\/bdi><\/span><span class=\"screen-reader-text\" data-no-translation=\"\" data-trp-gettext=\"\">Interval \u00e7mimesh: 130,00&nbsp;&euro; deri m\u00eb 442,00&nbsp;&euro;<\/span><\/span>\n<\/a><a href=\"https:\/\/floralfantasyshop.com\/sq\/produkt\/lux\/\" aria-describedby=\"woocommerce_loop_add_to_cart_link_describedby_1109\" data-quantity=\"1\" class=\"button product_type_variable add_to_cart_button wcpa_add_to_cart_button\" data-product_id=\"1109\" data-product_sku=\"3333333\" aria-label=\"Zgjidh opsionet per \u201cLux\u201d\" rel=\"nofollow\" data-no-translation-aria-label=\"\">Select options<\/a>\t<span id=\"woocommerce_loop_add_to_cart_link_describedby_1109\" class=\"screen-reader-text\">\n\t\tKy produkt ka disa variante. Mund\u00ebsit\u00eb mund t\u00eb zgjidhen te faqja e produktit\t<\/span>\n<a href=\"#\" class=\"button yith-wcqv-button\" data-product_id=\"1109\">Choose Option<\/a><\/li>\n<li class=\"wcpa_has_options product type-product post-1100 status-publish instock product_cat-subscription has-post-thumbnail taxable shipping-taxable purchasable product-type-variable has-default-attributes\">\n\t<a href=\"https:\/\/floralfantasyshop.com\/sq\/produkt\/best-seller\/\" class=\"woocommerce-LoopProduct-link woocommerce-loop-product__link\"><img loading=\"lazy\" decoding=\"async\" width=\"800\" height=\"800\" src=\"https:\/\/floralfantasyshop.com\/wp-content\/uploads\/2025\/03\/tulipan-best-seller-scaled-800x800.jpg\" class=\"attachment-woocommerce_thumbnail size-woocommerce_thumbnail\" alt=\"Best Seller\" srcset=\"https:\/\/floralfantasyshop.com\/wp-content\/uploads\/2025\/03\/tulipan-best-seller-scaled-800x800.jpg 800w, https:\/\/floralfantasyshop.com\/wp-content\/uploads\/2025\/03\/tulipan-best-seller-scaled-100x100.jpg 100w, https:\/\/floralfantasyshop.com\/wp-content\/uploads\/2025\/03\/tulipan-best-seller-150x150.jpg 150w\" sizes=\"(max-width: 800px) 100vw, 800px\" \/><h2 class=\"woocommerce-loop-product__title\">Best Seller<\/h2>\n\t<span class=\"price\"><span class=\"woocommerce-Price-amount amount\" aria-hidden=\"true\"><bdi>90,00&nbsp;<span class=\"woocommerce-Price-currencySymbol\">&euro;<\/span><\/bdi><\/span> <span aria-hidden=\"true\">&ndash;<\/span> <span class=\"woocommerce-Price-amount amount\" aria-hidden=\"true\"><bdi>306,00&nbsp;<span class=\"woocommerce-Price-currencySymbol\">&euro;<\/span><\/bdi><\/span><span class=\"screen-reader-text\" data-no-translation=\"\" data-trp-gettext=\"\">Interval \u00e7mimesh: 90,00&nbsp;&euro; deri m\u00eb 306,00&nbsp;&euro;<\/span><\/span>\n<\/a><a href=\"https:\/\/floralfantasyshop.com\/sq\/produkt\/best-seller\/\" aria-describedby=\"woocommerce_loop_add_to_cart_link_describedby_1100\" data-quantity=\"1\" class=\"button product_type_variable add_to_cart_button wcpa_add_to_cart_button\" data-product_id=\"1100\" data-product_sku=\"2222222\" aria-label=\"Zgjidh opsionet per \u201cBest Seller\u201d\" rel=\"nofollow\" data-no-translation-aria-label=\"\">Select options<\/a>\t<span id=\"woocommerce_loop_add_to_cart_link_describedby_1100\" class=\"screen-reader-text\">\n\t\tKy produkt ka disa variante. Mund\u00ebsit\u00eb mund t\u00eb zgjidhen te faqja e produktit\t<\/span>\n<a href=\"#\" class=\"button yith-wcqv-button\" data-product_id=\"1100\">Choose Option<\/a><\/li>\n<li class=\"wcpa_has_options product type-product post-1062 status-publish last instock product_cat-subscription has-post-thumbnail taxable shipping-taxable purchasable product-type-variable has-default-attributes\">\n\t<a href=\"https:\/\/floralfantasyshop.com\/sq\/produkt\/basic\/\" class=\"woocommerce-LoopProduct-link woocommerce-loop-product__link\"><img loading=\"lazy\" decoding=\"async\" width=\"800\" height=\"800\" src=\"https:\/\/floralfantasyshop.com\/wp-content\/uploads\/2025\/03\/Subscription-1-800x800.jpg\" class=\"attachment-woocommerce_thumbnail size-woocommerce_thumbnail\" alt=\"Basic\" srcset=\"https:\/\/floralfantasyshop.com\/wp-content\/uploads\/2025\/03\/Subscription-1-800x800.jpg 800w, https:\/\/floralfantasyshop.com\/wp-content\/uploads\/2025\/03\/Subscription-1-100x100.jpg 100w, https:\/\/floralfantasyshop.com\/wp-content\/uploads\/2025\/03\/Subscription-1-150x150.jpg 150w\" sizes=\"(max-width: 800px) 100vw, 800px\" \/><h2 class=\"woocommerce-loop-product__title\">Basic<\/h2>\n\t<span class=\"price\"><span class=\"woocommerce-Price-amount amount\" aria-hidden=\"true\"><bdi>90,00&nbsp;<span class=\"woocommerce-Price-currencySymbol\">&euro;<\/span><\/bdi><\/span> <span aria-hidden=\"true\">&ndash;<\/span> <span class=\"woocommerce-Price-amount amount\" aria-hidden=\"true\"><bdi>306,00&nbsp;<span class=\"woocommerce-Price-currencySymbol\">&euro;<\/span><\/bdi><\/span><span class=\"screen-reader-text\" data-no-translation=\"\" data-trp-gettext=\"\">Interval \u00e7mimesh: 90,00&nbsp;&euro; deri m\u00eb 306,00&nbsp;&euro;<\/span><\/span>\n<\/a><a href=\"https:\/\/floralfantasyshop.com\/sq\/produkt\/basic\/\" aria-describedby=\"woocommerce_loop_add_to_cart_link_describedby_1062\" data-quantity=\"1\" class=\"button product_type_variable add_to_cart_button wcpa_add_to_cart_button\" data-product_id=\"1062\" data-product_sku=\"111111111\" aria-label=\"Zgjidh opsionet per \u201cBasic\u201d\" rel=\"nofollow\" data-no-translation-aria-label=\"\">Select options<\/a>\t<span id=\"woocommerce_loop_add_to_cart_link_describedby_1062\" class=\"screen-reader-text\">\n\t\tKy produkt ka disa variante. Mund\u00ebsit\u00eb mund t\u00eb zgjidhen te faqja e produktit\t<\/span>\n<a href=\"#\" class=\"button yith-wcqv-button\" data-product_id=\"1062\">Choose Option<\/a><\/li>\n<\/ul>\n<\/div>\t\t\t\t<\/div>\n\t\t\t\t<\/div>\n\t\t\t\t<\/div>\n\t\t\t\t\t<\/div>\n\t\t\t\t<\/div>\n\t\t\t\t<\/div>","protected":false},"excerpt":{"rendered":"<p>Fresh Flowers, No Strings Attached Free Shipping Cancel Anytime Save up to 30% Build Your Subscription<\/p>","protected":false},"author":1,"featured_media":0,"parent":0,"menu_order":0,"comment_status":"closed","ping_status":"closed","template":"","meta":{"footnotes":""},"class_list":["post-1053","page","type-page","status-publish","hentry"],"aioseo_notices":[],"jetpack_sharing_enabled":true,"_links":{"self":[{"href":"https:\/\/floralfantasyshop.com\/sq\/wp-json\/wp\/v2\/pages\/1053","targetHints":{"allow":["GET"]}}],"collection":[{"href":"https:\/\/floralfantasyshop.com\/sq\/wp-json\/wp\/v2\/pages"}],"about":[{"href":"https:\/\/floralfantasyshop.com\/sq\/wp-json\/wp\/v2\/types\/page"}],"author":[{"embeddable":true,"href":"https:\/\/floralfantasyshop.com\/sq\/wp-json\/wp\/v2\/users\/1"}],"replies":[{"embeddable":true,"href":"https:\/\/floralfantasyshop.com\/sq\/wp-json\/wp\/v2\/comments?post=1053"}],"version-history":[{"count":10,"href":"https:\/\/floralfantasyshop.com\/sq\/wp-json\/wp\/v2\/pages\/1053\/revisions"}],"predecessor-version":[{"id":1107,"href":"https:\/\/floralfantasyshop.com\/sq\/wp-json\/wp\/v2\/pages\/1053\/revisions\/1107"}],"wp:attachment":[{"href":"https:\/\/floralfantasyshop.com\/sq\/wp-json\/wp\/v2\/media?parent=1053"}],"curies":[{"name":"wp","href":"https:\/\/api.w.org\/{rel}","templated":true}]}}