{"id":856,"date":"2025-03-18T01:38:54","date_gmt":"2025-03-18T00:38:54","guid":{"rendered":"https:\/\/floralfantasyshop.com\/?page_id=785"},"modified":"2025-05-01T18:28:51","modified_gmt":"2025-05-01T18:28:51","slug":"shipping-payments","status":"publish","type":"page","link":"https:\/\/floralfantasyshop.com\/sq\/shipping-payments\/","title":{"rendered":"Dergesa &amp; Pagesa"},"content":{"rendered":"<div data-elementor-type=\"wp-page\" data-elementor-id=\"856\" class=\"elementor elementor-856\" data-elementor-post-type=\"page\">\n\t\t\t\t<div class=\"elementor-element elementor-element-5814a9b e-flex e-con-boxed e-con e-parent\" data-id=\"5814a9b\" data-element_type=\"container\" data-e-type=\"container\">\n\t\t\t\t\t<div class=\"e-con-inner\">\n\t\t\t\t<div class=\"elementor-element elementor-element-965058b elementor-widget elementor-widget-heading\" data-id=\"965058b\" data-element_type=\"widget\" data-e-type=\"widget\" data-widget_type=\"heading.default\">\n\t\t\t\t<div class=\"elementor-widget-container\">\n\t\t\t\t\t<h2 class=\"elementor-heading-title elementor-size-default\">Informacion per bleresit<\/h2>\t\t\t\t<\/div>\n\t\t\t\t<\/div>\n\t\t\t\t<div class=\"elementor-element elementor-element-77b88b5 e-n-tabs-mobile elementor-widget elementor-widget-n-tabs\" data-id=\"77b88b5\" data-element_type=\"widget\" data-e-type=\"widget\" data-settings=\"{&quot;horizontal_scroll&quot;:&quot;disable&quot;}\" data-widget_type=\"nested-tabs.default\">\n\t\t\t\t<div class=\"elementor-widget-container\">\n\t\t\t\t\t\t\t<div class=\"e-n-tabs\" data-widget-number=\"125536437\" aria-label=\"Tabs. Open items with Enter or Space, close with Escape and navigate using the Arrow keys.\">\n\t\t\t<div class=\"e-n-tabs-heading\" role=\"tablist\">\n\t\t\t\t\t<button id=\"e-n-tab-title-1255364371\" data-tab-title-id=\"e-n-tab-title-1255364371\" class=\"e-n-tab-title\" aria-selected=\"true\" data-tab-index=\"1\" role=\"tab\" tabindex=\"0\" aria-controls=\"e-n-tab-content-1255364371\" style=\"--n-tabs-title-order: 1;\">\n\t\t\t\t\t\t<span class=\"e-n-tab-title-text\">\n\t\t\t\tDergesat\t\t\t<\/span>\n\t\t<\/button>\n\t\t\t\t<button id=\"e-n-tab-title-1255364372\" data-tab-title-id=\"e-n-tab-title-1255364372\" class=\"e-n-tab-title\" aria-selected=\"false\" data-tab-index=\"2\" role=\"tab\" tabindex=\"-1\" aria-controls=\"e-n-tab-content-1255364372\" style=\"--n-tabs-title-order: 2;\">\n\t\t\t\t\t\t<span class=\"e-n-tab-title-text\">\n\t\t\t\tPagesat\t\t\t<\/span>\n\t\t<\/button>\n\t\t\t\t<button id=\"e-n-tab-title-1255364373\" data-tab-title-id=\"e-n-tab-title-1255364373\" class=\"e-n-tab-title\" aria-selected=\"false\" data-tab-index=\"3\" role=\"tab\" tabindex=\"-1\" aria-controls=\"e-n-tab-content-1255364373\" style=\"--n-tabs-title-order: 3;\">\n\t\t\t\t\t\t<span class=\"e-n-tab-title-text\">\n\t\t\t\tDyqani\t\t\t<\/span>\n\t\t<\/button>\n\t\t\t\t<button id=\"e-n-tab-title-1255364374\" data-tab-title-id=\"e-n-tab-title-1255364374\" class=\"e-n-tab-title\" aria-selected=\"false\" data-tab-index=\"4\" role=\"tab\" tabindex=\"-1\" aria-controls=\"e-n-tab-content-1255364374\" style=\"--n-tabs-title-order: 4;\">\n\t\t\t\t\t\t<span class=\"e-n-tab-title-text\">\n\t\t\t\tDetajet\t\t\t<\/span>\n\t\t<\/button>\n\t\t\t\t\t<\/div>\n\t\t\t<div class=\"e-n-tabs-content\">\n\t\t\t\t<div id=\"e-n-tab-content-1255364371\" role=\"tabpanel\" aria-labelledby=\"e-n-tab-title-1255364371\" data-tab-index=\"1\" style=\"--n-tabs-title-order: 1;\" class=\"e-active elementor-element elementor-element-d486ae2 e-con-full e-flex e-con e-child\" data-id=\"d486ae2\" data-element_type=\"container\" data-e-type=\"container\">\n\t\t\t\t<div class=\"elementor-element elementor-element-9af638c elementor-widget elementor-widget-text-editor\" data-id=\"9af638c\" data-element_type=\"widget\" data-e-type=\"widget\" data-widget_type=\"text-editor.default\">\n\t\t\t\t<div class=\"elementor-widget-container\">\n\t\t\t\t\t\t\t\t\t<h5 data-start=\"0\" data-end=\"238\"><strong>Dergesat<\/strong><\/h5><p data-start=\"41\" data-end=\"141\">Ne do t\u00eb jemi t\u00eb lumtur t\u2019ua dor\u00ebzojm\u00eb buqet\u00ebn tuaj n\u00eb qend\u00ebr brenda 60 minutash ose n\u00eb nj\u00eb koh\u00eb t\u00eb caktuar.<\/p><p data-start=\"143\" data-end=\"264\" data-is-last-node=\"\" data-is-only-node=\"\">Ne i dor\u00ebzojm\u00eb t\u00eb gjitha buqetat me kujdes n\u00eb nj\u00eb aquabox, p\u00ebr t\u2019u siguruar q\u00eb lulet t\u00eb k\u00ebnaqin marr\u00ebsin p\u00ebr aq koh\u00eb sa\u00a0\u00ebsht\u00eb\u00a0e\u00a0mundur.<\/p><p>\u00a0<\/p>\t\t\t\t\t\t\t\t<\/div>\n\t\t\t\t<\/div>\n\t\t\t\t<\/div>\n\t\t<div id=\"e-n-tab-content-1255364372\" role=\"tabpanel\" aria-labelledby=\"e-n-tab-title-1255364372\" data-tab-index=\"2\" style=\"--n-tabs-title-order: 2;\" class=\"elementor-element elementor-element-0b87555 e-con-full e-flex e-con e-child\" data-id=\"0b87555\" data-element_type=\"container\" data-e-type=\"container\">\n\t\t\t\t<div class=\"elementor-element elementor-element-338e974 elementor-widget elementor-widget-text-editor\" data-id=\"338e974\" data-element_type=\"widget\" data-e-type=\"widget\" data-widget_type=\"text-editor.default\">\n\t\t\t\t<div class=\"elementor-widget-container\">\n\t\t\t\t\t\t\t\t\t<h5 data-start=\"0\" data-end=\"238\"><strong>Pagesat<\/strong><\/h5><p style=\"text-align: left;\" data-start=\"39\" data-end=\"158\"><strong data-start=\"39\" data-end=\"55\">PAGESA ME PARA<\/strong><br data-start=\"55\" data-end=\"58\" \/>Kur merrni porosin\u00eb ose b\u00ebni porosi paraprakisht, mund t\u00eb paguani p\u00ebr porosin\u00eb tuaj me para n\u00eb dor\u00eb n\u00eb dyqanin ton\u00eb.<\/p><p style=\"text-align: left;\" data-start=\"160\" data-end=\"397\"><strong data-start=\"160\" data-end=\"179\">PAGESA ME FATURE<\/strong><br data-start=\"179\" data-end=\"182\" \/>P\u00ebr sip\u00ebrmarr\u00ebsit individual\u00eb dhe personat juridik\u00eb, ofrojm\u00eb mund\u00ebsin\u00eb e pages\u00ebs n\u00eb llogarin\u00eb bankare t\u00eb kompanis\u00eb. P\u00ebr t\u00eb l\u00ebshuar nj\u00eb fatur\u00eb, ju lutemi d\u00ebrgoni t\u00eb dh\u00ebnat tuaja. Po ashtu, ofrojm\u00eb mund\u00ebsi pages\u00eb t\u00eb shtyr\u00eb p\u00ebr personat juridik\u00eb.<\/p><p style=\"text-align: left;\" data-start=\"399\" data-end=\"548\"><strong data-start=\"399\" data-end=\"417\">PAGESA NGA DISTANCA<\/strong><br data-start=\"417\" data-end=\"420\" \/>Ne do t\u2019ju d\u00ebrgojm\u00eb nj\u00eb lidhje t\u00eb sigurt\u00eb p\u00ebr t\u00eb paguar porosin\u00eb tuaj me kart\u00eb t\u00eb \u00e7do banke. P\u00ebr t\u00eb marr\u00eb nj\u00eb fatur\u00eb, ju lutemi ofroni nj\u00eb adres\u00eb emaili.<\/p><p style=\"text-align: left;\" data-start=\"550\" data-end=\"689\" data-is-last-node=\"\" data-is-only-node=\"\"><strong data-start=\"550\" data-end=\"571\">PAGESA ME KART\u00cb BANKARE<\/strong><br data-start=\"571\" data-end=\"574\" \/>Mund t\u00eb paguani p\u00ebr porosin\u00eb tuaj me kart\u00eb bankare kur t\u00eb merrni porosin\u00eb direkt n\u00eb dyqanin ton\u00eb ose jua\u00a0bejme\u00a0delivery.<\/p><p>\u00a0<\/p>\t\t\t\t\t\t\t\t<\/div>\n\t\t\t\t<\/div>\n\t\t\t\t<\/div>\n\t\t<div id=\"e-n-tab-content-1255364373\" role=\"tabpanel\" aria-labelledby=\"e-n-tab-title-1255364373\" data-tab-index=\"3\" style=\"--n-tabs-title-order: 3;\" class=\"elementor-element elementor-element-863eb6b e-con-full e-flex e-con e-child\" data-id=\"863eb6b\" data-element_type=\"container\" data-e-type=\"container\">\n\t\t\t\t<\/div>\n\t\t<div id=\"e-n-tab-content-1255364374\" role=\"tabpanel\" aria-labelledby=\"e-n-tab-title-1255364374\" data-tab-index=\"4\" style=\"--n-tabs-title-order: 4;\" class=\"elementor-element elementor-element-6426a06 e-con-full e-flex e-con e-child\" data-id=\"6426a06\" data-element_type=\"container\" data-e-type=\"container\">\n\t\t\t\t<\/div>\n\t\t\t\t\t<\/div>\n\t\t<\/div>\n\t\t\t\t\t\t<\/div>\n\t\t\t\t<\/div>\n\t\t\t\t\t<\/div>\n\t\t\t\t<\/div>\n\t\t\t\t<\/div>","protected":false},"excerpt":{"rendered":"<p>Information for Buyers Delivery Payment Store Details Delivery We will be happy to deliver your bouquet to the city center within 60 minutes or at a specific time. We deliver all bouquets carefully in an aquabox to ensure that the flowers delight the recipient for as long as possible. \u00a0 Payment CASH PAYMENTWhen you receive [&hellip;]<\/p>\n","protected":false},"author":1,"featured_media":0,"parent":0,"menu_order":0,"comment_status":"closed","ping_status":"closed","template":"","meta":{"footnotes":""},"class_list":["post-856","page","type-page","status-publish","hentry"],"aioseo_notices":[],"jetpack_sharing_enabled":true,"_links":{"self":[{"href":"https:\/\/floralfantasyshop.com\/sq\/wp-json\/wp\/v2\/pages\/856","targetHints":{"allow":["GET"]}}],"collection":[{"href":"https:\/\/floralfantasyshop.com\/sq\/wp-json\/wp\/v2\/pages"}],"about":[{"href":"https:\/\/floralfantasyshop.com\/sq\/wp-json\/wp\/v2\/types\/page"}],"author":[{"embeddable":true,"href":"https:\/\/floralfantasyshop.com\/sq\/wp-json\/wp\/v2\/users\/1"}],"replies":[{"embeddable":true,"href":"https:\/\/floralfantasyshop.com\/sq\/wp-json\/wp\/v2\/comments?post=856"}],"version-history":[{"count":4,"href":"https:\/\/floralfantasyshop.com\/sq\/wp-json\/wp\/v2\/pages\/856\/revisions"}],"predecessor-version":[{"id":926,"href":"https:\/\/floralfantasyshop.com\/sq\/wp-json\/wp\/v2\/pages\/856\/revisions\/926"}],"wp:attachment":[{"href":"https:\/\/floralfantasyshop.com\/sq\/wp-json\/wp\/v2\/media?parent=856"}],"curies":[{"name":"wp","href":"https:\/\/api.w.org\/{rel}","templated":true}]}}