{"id":110,"date":"2025-03-18T22:20:41","date_gmt":"2025-03-18T22:20:41","guid":{"rendered":"https:\/\/floralfantasyshop.com\/?post_type=product&#038;p=110"},"modified":"2025-04-21T22:27:39","modified_gmt":"2025-04-21T22:27:39","slug":"rosa-faith","status":"publish","type":"product","link":"https:\/\/floralfantasyshop.com\/sq\/produkt\/rosa-faith\/","title":{"rendered":"Rosa Faith"},"content":{"rendered":"<p>Rosa Faith \u00ebsht\u00eb nj\u00eb ngjyr\u00eb e bukur dhe delikate, e cila sjell nj\u00eb ndjesi besimi dhe qet\u00ebsie. Ky ton ngjyre e pasur dhe e ngroht\u00eb \u00ebsht\u00eb ideal p\u00ebr krijimin e nj\u00eb atmosfere t\u00eb qet\u00eb dhe t\u00eb rafinuar, duke e b\u00ebr\u00eb \u00e7do ambient m\u00eb t\u00eb k\u00ebndsh\u00ebm dhe t\u00eb k\u00ebndsh\u00ebm. P\u00ebrdorimi i Rosa Faith mund t\u00eb sjell\u00eb nj\u00eb ndjesi t\u00eb but\u00eb dhe harmonike n\u00eb \u00e7do projekt, nga dizajni i brendsh\u00ebm deri tek aksesor\u00ebt personal\u00eb.<\/p>","protected":false},"excerpt":{"rendered":"<p>Rosa Faith \u00ebsht\u00eb nj\u00eb ngjyr\u00eb e bukur dhe delikate, e cila sjell nj\u00eb ndjesi besimi dhe qet\u00ebsie. Ky ton ngjyre e pasur dhe e ngroht\u00eb \u00ebsht\u00eb ideal p\u00ebr krijimin e nj\u00eb atmosfere t\u00eb qet\u00eb dhe t\u00eb rafinuar, duke e b\u00ebr\u00eb \u00e7do ambient m\u00eb t\u00eb k\u00ebndsh\u00ebm dhe t\u00eb k\u00ebndsh\u00ebm. P\u00ebrdorimi i Rosa Faith mund t\u00eb sjell\u00eb nj\u00eb ndjesi t\u00eb but\u00eb dhe harmonike n\u00eb \u00e7do projekt, nga dizajni i brendsh\u00ebm deri tek aksesor\u00ebt personal\u00eb.<\/p>","protected":false},"featured_media":130,"comment_status":"open","ping_status":"closed","template":"","meta":[],"product_brand":[],"product_cat":[25,18],"product_tag":[],"class_list":{"0":"post-110","1":"product","2":"type-product","3":"status-publish","4":"has-post-thumbnail","6":"product_cat-box","7":"product_cat-compositions","8":"wcpa_has_options","10":"first","11":"instock","12":"taxable","13":"shipping-taxable","14":"purchasable","15":"product-type-variable","16":"has-default-attributes"},"aioseo_notices":[],"jetpack_sharing_enabled":true,"_links":{"self":[{"href":"https:\/\/floralfantasyshop.com\/sq\/wp-json\/wp\/v2\/product\/110","targetHints":{"allow":["GET"]}}],"collection":[{"href":"https:\/\/floralfantasyshop.com\/sq\/wp-json\/wp\/v2\/product"}],"about":[{"href":"https:\/\/floralfantasyshop.com\/sq\/wp-json\/wp\/v2\/types\/product"}],"replies":[{"embeddable":true,"href":"https:\/\/floralfantasyshop.com\/sq\/wp-json\/wp\/v2\/comments?post=110"}],"wp:featuredmedia":[{"embeddable":true,"href":"https:\/\/floralfantasyshop.com\/sq\/wp-json\/wp\/v2\/media\/130"}],"wp:attachment":[{"href":"https:\/\/floralfantasyshop.com\/sq\/wp-json\/wp\/v2\/media?parent=110"}],"wp:term":[{"taxonomy":"product_brand","embeddable":true,"href":"https:\/\/floralfantasyshop.com\/sq\/wp-json\/wp\/v2\/product_brand?post=110"},{"taxonomy":"product_cat","embeddable":true,"href":"https:\/\/floralfantasyshop.com\/sq\/wp-json\/wp\/v2\/product_cat?post=110"},{"taxonomy":"product_tag","embeddable":true,"href":"https:\/\/floralfantasyshop.com\/sq\/wp-json\/wp\/v2\/product_tag?post=110"}],"curies":[{"name":"wp","href":"https:\/\/api.w.org\/{rel}","templated":true}]}}