{"id":128,"date":"2025-03-18T22:20:42","date_gmt":"2025-03-18T22:20:42","guid":{"rendered":"https:\/\/floralfantasyshop.com\/?post_type=product&#038;p=128"},"modified":"2025-04-20T00:29:25","modified_gmt":"2025-04-20T00:29:25","slug":"hydrangea-bela-blue","status":"publish","type":"product","link":"https:\/\/floralfantasyshop.com\/sq\/produkt\/hydrangea-bela-blue\/","title":{"rendered":"Hydrangea Bela Blue"},"content":{"rendered":"<p>Hydrangea Bela Blue \u00ebsht\u00eb nj\u00eb lule e mrekullueshme q\u00eb sjell nj\u00eb bukuri t\u00eb natyrshme dhe t\u00eb pasur me ngjyr\u00ebn e saj t\u00eb kalt\u00ebr t\u00eb thell\u00eb dhe elegante.<\/p>","protected":false},"excerpt":{"rendered":"<p>Hydrangea Bela Blue \u00ebsht\u00eb nj\u00eb lule e mrekullueshme q\u00eb sjell nj\u00eb bukuri t\u00eb natyrshme dhe t\u00eb pasur me ngjyr\u00ebn e saj t\u00eb kalt\u00ebr t\u00eb thell\u00eb dhe elegante.<\/p>","protected":false},"featured_media":136,"comment_status":"open","ping_status":"closed","template":"","meta":[],"product_brand":[],"product_cat":[16,20],"product_tag":[],"class_list":{"0":"post-128","1":"product","2":"type-product","3":"status-publish","4":"has-post-thumbnail","6":"product_cat-bouquet","7":"product_cat-popular","8":"wcpa_has_options","10":"first","11":"instock","12":"taxable","13":"shipping-taxable","14":"purchasable","15":"product-type-variable","16":"has-default-attributes"},"aioseo_notices":[],"jetpack_sharing_enabled":true,"_links":{"self":[{"href":"https:\/\/floralfantasyshop.com\/sq\/wp-json\/wp\/v2\/product\/128","targetHints":{"allow":["GET"]}}],"collection":[{"href":"https:\/\/floralfantasyshop.com\/sq\/wp-json\/wp\/v2\/product"}],"about":[{"href":"https:\/\/floralfantasyshop.com\/sq\/wp-json\/wp\/v2\/types\/product"}],"replies":[{"embeddable":true,"href":"https:\/\/floralfantasyshop.com\/sq\/wp-json\/wp\/v2\/comments?post=128"}],"wp:featuredmedia":[{"embeddable":true,"href":"https:\/\/floralfantasyshop.com\/sq\/wp-json\/wp\/v2\/media\/136"}],"wp:attachment":[{"href":"https:\/\/floralfantasyshop.com\/sq\/wp-json\/wp\/v2\/media?parent=128"}],"wp:term":[{"taxonomy":"product_brand","embeddable":true,"href":"https:\/\/floralfantasyshop.com\/sq\/wp-json\/wp\/v2\/product_brand?post=128"},{"taxonomy":"product_cat","embeddable":true,"href":"https:\/\/floralfantasyshop.com\/sq\/wp-json\/wp\/v2\/product_cat?post=128"},{"taxonomy":"product_tag","embeddable":true,"href":"https:\/\/floralfantasyshop.com\/sq\/wp-json\/wp\/v2\/product_tag?post=128"}],"curies":[{"name":"wp","href":"https:\/\/api.w.org\/{rel}","templated":true}]}}