{"id":174,"date":"2025-03-18T22:20:55","date_gmt":"2025-03-18T22:20:55","guid":{"rendered":"https:\/\/floralfantasyshop.com\/?post_type=product&#038;p=174"},"modified":"2025-04-20T00:25:56","modified_gmt":"2025-04-20T00:25:56","slug":"timeless-grace","status":"publish","type":"product","link":"https:\/\/floralfantasyshop.com\/sq\/produkt\/timeless-grace\/","title":{"rendered":"Timeless Grace"},"content":{"rendered":"<p data-start=\"0\" data-end=\"268\">Nj\u00eb kombinim i rafinuar q\u00eb bashkon ndri\u00e7imin dhe delikates\u00ebn e luleve. Buqeta p\u00ebrmban Aster Fosa, me petale t\u00eb lehta dhe form\u00eb elegante q\u00eb simbolizojn\u00eb dashamir\u00ebsin\u00eb dhe q\u00ebndrueshm\u00ebrin\u00eb, dhe White Athena, nj\u00eb lule e past\u00ebr dhe hijshme q\u00eb p\u00ebrfaq\u00ebson ndri\u00e7imin dhe qet\u00ebsin\u00eb.<\/p>","protected":false},"excerpt":{"rendered":"<p data-start=\"37\" data-end=\"311\">Nj\u00eb kombinim i rafinuar q\u00eb bashkon ndri\u00e7imin dhe delikates\u00ebn e luleve. Buqeta p\u00ebrmban Aster Fosa, me petale t\u00eb lehta dhe form\u00eb elegante q\u00eb simbolizojn\u00eb dashamir\u00ebsin\u00eb dhe q\u00ebndrueshm\u00ebrin\u00eb, dhe White Athena, nj\u00eb lule e past\u00ebr dhe hijshme q\u00eb p\u00ebrfaq\u00ebson ndri\u00e7imin dhe qet\u00ebsin\u00eb.<\/p>\n<p data-start=\"313\" data-end=\"445\" data-is-last-node=\"\" data-is-only-node=\"\">Kjo buqet\u00eb \u00ebsht\u00eb ideale p\u00ebr evente elegante, dhurata simbolike apo p\u00ebr t\u00eb sjell\u00eb nj\u00eb atmosfer\u00eb t\u00eb qet\u00eb dhe harmonike n\u00eb \u00e7do ambient.<\/p>","protected":false},"featured_media":202,"comment_status":"open","ping_status":"closed","template":"","meta":[],"product_brand":[],"product_cat":[16,20],"product_tag":[],"class_list":{"0":"post-174","1":"product","2":"type-product","3":"status-publish","4":"has-post-thumbnail","6":"product_cat-bouquet","7":"product_cat-popular","8":"wcpa_has_options","10":"first","11":"instock","12":"taxable","13":"shipping-taxable","14":"purchasable","15":"product-type-variable","16":"has-default-attributes"},"aioseo_notices":[],"jetpack_sharing_enabled":true,"_links":{"self":[{"href":"https:\/\/floralfantasyshop.com\/sq\/wp-json\/wp\/v2\/product\/174","targetHints":{"allow":["GET"]}}],"collection":[{"href":"https:\/\/floralfantasyshop.com\/sq\/wp-json\/wp\/v2\/product"}],"about":[{"href":"https:\/\/floralfantasyshop.com\/sq\/wp-json\/wp\/v2\/types\/product"}],"replies":[{"embeddable":true,"href":"https:\/\/floralfantasyshop.com\/sq\/wp-json\/wp\/v2\/comments?post=174"}],"wp:featuredmedia":[{"embeddable":true,"href":"https:\/\/floralfantasyshop.com\/sq\/wp-json\/wp\/v2\/media\/202"}],"wp:attachment":[{"href":"https:\/\/floralfantasyshop.com\/sq\/wp-json\/wp\/v2\/media?parent=174"}],"wp:term":[{"taxonomy":"product_brand","embeddable":true,"href":"https:\/\/floralfantasyshop.com\/sq\/wp-json\/wp\/v2\/product_brand?post=174"},{"taxonomy":"product_cat","embeddable":true,"href":"https:\/\/floralfantasyshop.com\/sq\/wp-json\/wp\/v2\/product_cat?post=174"},{"taxonomy":"product_tag","embeddable":true,"href":"https:\/\/floralfantasyshop.com\/sq\/wp-json\/wp\/v2\/product_tag?post=174"}],"curies":[{"name":"wp","href":"https:\/\/api.w.org\/{rel}","templated":true}]}}