{"id":192,"date":"2025-03-18T22:20:56","date_gmt":"2025-03-18T22:20:56","guid":{"rendered":"https:\/\/floralfantasyshop.com\/?post_type=product&#038;p=192"},"modified":"2025-04-20T00:25:01","modified_gmt":"2025-04-20T00:25:01","slug":"contrasting-bouquet","status":"publish","type":"product","link":"https:\/\/floralfantasyshop.com\/sq\/produkt\/contrasting-bouquet\/","title":{"rendered":"Contrasting Bouquet"},"content":{"rendered":"<p data-start=\"100\" data-end=\"200\">Nj\u00eb buqet\u00eb elegante dhe plot kontraste, ku \u00e7do lule sjell nj\u00eb prekje unike bukurie dhe harmonie.<br \/>\nThis arrangement features the striking Ilex Verticillata Orange, Hot Pink Calla Lily, Dark Rossano Chrysanthemum, and Sahara Sensation Spray Roses, showcasing vibrant colors and unique textures.<\/p>","protected":false},"excerpt":{"rendered":"<p data-start=\"578\" data-end=\"703\" data-is-last-node=\"\" data-is-only-node=\"\">Nj\u00eb zgjedhje e p\u00ebrkryer p\u00ebr raste t\u00eb ve\u00e7anta, dasma, dekor elegant ose dhurata q\u00eb shprehin ndjenja t\u00eb thella dhe t\u00eb sinqerta.<\/p>","protected":false},"featured_media":207,"comment_status":"open","ping_status":"closed","template":"","meta":[],"product_brand":[],"product_cat":[16,20],"product_tag":[],"class_list":{"0":"post-192","1":"product","2":"type-product","3":"status-publish","4":"has-post-thumbnail","6":"product_cat-bouquet","7":"product_cat-popular","8":"wcpa_has_options","10":"first","11":"instock","12":"taxable","13":"shipping-taxable","14":"purchasable","15":"product-type-variable","16":"has-default-attributes"},"aioseo_notices":[],"jetpack_sharing_enabled":true,"_links":{"self":[{"href":"https:\/\/floralfantasyshop.com\/sq\/wp-json\/wp\/v2\/product\/192","targetHints":{"allow":["GET"]}}],"collection":[{"href":"https:\/\/floralfantasyshop.com\/sq\/wp-json\/wp\/v2\/product"}],"about":[{"href":"https:\/\/floralfantasyshop.com\/sq\/wp-json\/wp\/v2\/types\/product"}],"replies":[{"embeddable":true,"href":"https:\/\/floralfantasyshop.com\/sq\/wp-json\/wp\/v2\/comments?post=192"}],"wp:featuredmedia":[{"embeddable":true,"href":"https:\/\/floralfantasyshop.com\/sq\/wp-json\/wp\/v2\/media\/207"}],"wp:attachment":[{"href":"https:\/\/floralfantasyshop.com\/sq\/wp-json\/wp\/v2\/media?parent=192"}],"wp:term":[{"taxonomy":"product_brand","embeddable":true,"href":"https:\/\/floralfantasyshop.com\/sq\/wp-json\/wp\/v2\/product_brand?post=192"},{"taxonomy":"product_cat","embeddable":true,"href":"https:\/\/floralfantasyshop.com\/sq\/wp-json\/wp\/v2\/product_cat?post=192"},{"taxonomy":"product_tag","embeddable":true,"href":"https:\/\/floralfantasyshop.com\/sq\/wp-json\/wp\/v2\/product_tag?post=192"}],"curies":[{"name":"wp","href":"https:\/\/api.w.org\/{rel}","templated":true}]}}