{"id":21,"date":"2025-03-18T22:20:21","date_gmt":"2025-03-18T22:20:21","guid":{"rendered":"https:\/\/floralfantasyshop.com\/?post_type=product&#038;p=21"},"modified":"2025-04-21T22:40:49","modified_gmt":"2025-04-21T22:40:49","slug":"sprey-roses-tralala","status":"publish","type":"product","link":"https:\/\/floralfantasyshop.com\/sq\/produkt\/sprey-roses-tralala\/","title":{"rendered":"Sprey roses tralala"},"content":{"rendered":"<p>Spray Roses Tralala jan\u00eb tr\u00ebndafila delikat\u00eb dhe t\u00eb harlisur, me lule t\u00eb vogla t\u00eb shumta n\u00eb \u00e7do k\u00ebrcell, duke krijuar nj\u00eb pamje t\u00eb pasur dhe romantike. Ngjyra e tyre e but\u00eb dhe forma e hijshme i b\u00ebjn\u00eb perfekte p\u00ebr buqeta t\u00eb rafinuara, dekorime elegante dhe dhurata t\u00eb ve\u00e7anta.<\/p>","protected":false},"excerpt":{"rendered":"<p>Spray Roses Tralala jan\u00eb tr\u00ebndafila delikat\u00eb dhe t\u00eb harlisur, me lule t\u00eb vogla t\u00eb shumta n\u00eb \u00e7do k\u00ebrcell, duke krijuar nj\u00eb pamje t\u00eb pasur dhe romantike. Ngjyra e tyre e but\u00eb dhe forma e hijshme i b\u00ebjn\u00eb perfekte p\u00ebr buqeta t\u00eb rafinuara, dekorime elegante dhe dhurata t\u00eb ve\u00e7anta.<\/p>","protected":false},"featured_media":51,"comment_status":"open","ping_status":"closed","template":"","meta":[],"product_brand":[],"product_cat":[16,17],"product_tag":[],"class_list":{"0":"post-21","1":"product","2":"type-product","3":"status-publish","4":"has-post-thumbnail","6":"product_cat-bouquet","7":"product_cat-monbouquette","8":"wcpa_has_options","10":"first","11":"instock","12":"taxable","13":"shipping-taxable","14":"purchasable","15":"product-type-variable","16":"has-default-attributes"},"aioseo_notices":[],"jetpack_sharing_enabled":true,"_links":{"self":[{"href":"https:\/\/floralfantasyshop.com\/sq\/wp-json\/wp\/v2\/product\/21","targetHints":{"allow":["GET"]}}],"collection":[{"href":"https:\/\/floralfantasyshop.com\/sq\/wp-json\/wp\/v2\/product"}],"about":[{"href":"https:\/\/floralfantasyshop.com\/sq\/wp-json\/wp\/v2\/types\/product"}],"replies":[{"embeddable":true,"href":"https:\/\/floralfantasyshop.com\/sq\/wp-json\/wp\/v2\/comments?post=21"}],"wp:featuredmedia":[{"embeddable":true,"href":"https:\/\/floralfantasyshop.com\/sq\/wp-json\/wp\/v2\/media\/51"}],"wp:attachment":[{"href":"https:\/\/floralfantasyshop.com\/sq\/wp-json\/wp\/v2\/media?parent=21"}],"wp:term":[{"taxonomy":"product_brand","embeddable":true,"href":"https:\/\/floralfantasyshop.com\/sq\/wp-json\/wp\/v2\/product_brand?post=21"},{"taxonomy":"product_cat","embeddable":true,"href":"https:\/\/floralfantasyshop.com\/sq\/wp-json\/wp\/v2\/product_cat?post=21"},{"taxonomy":"product_tag","embeddable":true,"href":"https:\/\/floralfantasyshop.com\/sq\/wp-json\/wp\/v2\/product_tag?post=21"}],"curies":[{"name":"wp","href":"https:\/\/api.w.org\/{rel}","templated":true}]}}