{"id":217,"date":"2025-03-18T22:21:04","date_gmt":"2025-03-18T22:21:04","guid":{"rendered":"https:\/\/floralfantasyshop.com\/?post_type=product&#038;p=217"},"modified":"2025-04-20T00:22:21","modified_gmt":"2025-04-20T00:22:21","slug":"white-tulips","status":"publish","type":"product","link":"https:\/\/floralfantasyshop.com\/sq\/produkt\/white-tulips\/","title":{"rendered":"Tulipan te Bardhe"},"content":{"rendered":"<p>Tulipan\u00ebt e bardh\u00eb simbolizojn\u00eb past\u00ebrtin\u00eb, eleganc\u00ebn dhe fillimet e reja. T\u00eb fresk\u00ebt dhe delikat\u00eb, ata jan\u00eb zgjedhja perfekte p\u00ebr \u00e7do rast \u2013 qoft\u00eb si nj\u00eb dhurat\u00eb e kujdesshme ose nj\u00eb dekor i sofistikuar p\u00ebr hap\u00ebsir\u00ebn tuaj. Buqetat tona me tulipan\u00eb t\u00eb bardh\u00eb krijohen me kujdes p\u00ebr t\u00eb sjell\u00eb bukurin\u00eb natyrale dhe thjesht\u00ebsin\u00eb e p\u00ebrsosur.<\/p>","protected":false},"excerpt":{"rendered":"<p>Tulipan\u00ebt e bardh\u00eb simbolizojn\u00eb past\u00ebrtin\u00eb, eleganc\u00ebn dhe fillimet e reja. T\u00eb fresk\u00ebt dhe delikat\u00eb, ata jan\u00eb zgjedhja perfekte p\u00ebr \u00e7do rast \u2013 qoft\u00eb si nj\u00eb dhurat\u00eb e kujdesshme ose nj\u00eb dekor i sofistikuar p\u00ebr hap\u00ebsir\u00ebn tuaj. Buqetat tona me tulipan\u00eb t\u00eb bardh\u00eb krijohen me kujdes p\u00ebr t\u00eb sjell\u00eb bukurin\u00eb natyrale dhe thjesht\u00ebsin\u00eb e p\u00ebrsosur.<\/p>","protected":false},"featured_media":227,"comment_status":"open","ping_status":"closed","template":"","meta":[],"product_brand":[],"product_cat":[16,24],"product_tag":[],"class_list":{"0":"post-217","1":"product","2":"type-product","3":"status-publish","4":"has-post-thumbnail","6":"product_cat-bouquet","7":"product_cat-tulip-bouquets","8":"wcpa_has_options","10":"first","11":"instock","12":"taxable","13":"shipping-taxable","14":"purchasable","15":"product-type-variable","16":"has-default-attributes"},"aioseo_notices":[],"jetpack_sharing_enabled":true,"_links":{"self":[{"href":"https:\/\/floralfantasyshop.com\/sq\/wp-json\/wp\/v2\/product\/217","targetHints":{"allow":["GET"]}}],"collection":[{"href":"https:\/\/floralfantasyshop.com\/sq\/wp-json\/wp\/v2\/product"}],"about":[{"href":"https:\/\/floralfantasyshop.com\/sq\/wp-json\/wp\/v2\/types\/product"}],"replies":[{"embeddable":true,"href":"https:\/\/floralfantasyshop.com\/sq\/wp-json\/wp\/v2\/comments?post=217"}],"wp:featuredmedia":[{"embeddable":true,"href":"https:\/\/floralfantasyshop.com\/sq\/wp-json\/wp\/v2\/media\/227"}],"wp:attachment":[{"href":"https:\/\/floralfantasyshop.com\/sq\/wp-json\/wp\/v2\/media?parent=217"}],"wp:term":[{"taxonomy":"product_brand","embeddable":true,"href":"https:\/\/floralfantasyshop.com\/sq\/wp-json\/wp\/v2\/product_brand?post=217"},{"taxonomy":"product_cat","embeddable":true,"href":"https:\/\/floralfantasyshop.com\/sq\/wp-json\/wp\/v2\/product_cat?post=217"},{"taxonomy":"product_tag","embeddable":true,"href":"https:\/\/floralfantasyshop.com\/sq\/wp-json\/wp\/v2\/product_tag?post=217"}],"curies":[{"name":"wp","href":"https:\/\/api.w.org\/{rel}","templated":true}]}}