{"id":29,"date":"2025-03-18T22:20:21","date_gmt":"2025-03-18T22:20:21","guid":{"rendered":"https:\/\/floralfantasyshop.com\/?post_type=product&#038;p=29"},"modified":"2025-04-21T22:39:47","modified_gmt":"2025-04-21T22:39:47","slug":"rosa-mondial-70-cm","status":"publish","type":"product","link":"https:\/\/floralfantasyshop.com\/sq\/produkt\/rosa-mondial-70-cm\/","title":{"rendered":"Rosa mondial 70 cm"},"content":{"rendered":"<p>Tr\u00ebndafili Rosa Mondial (70 cm) \u00ebsht\u00eb nj\u00eb zgjedhje e sofistikuar me nuanca delikate t\u00eb bardha dhe nj\u00eb prekje t\u00eb but\u00eb kremi. Me petale t\u00eb m\u00ebdha dhe q\u00ebndrueshm\u00ebri t\u00eb shk\u00eblqyer, ky tr\u00ebndafil \u00ebsht\u00eb perfekt p\u00ebr buqeta elegante, dekorime dasmash dhe dhurata t\u00eb ve\u00e7anta. Simbolizon past\u00ebrtin\u00eb, harmonin\u00eb dhe dashurin\u00eb e p\u00ebrjetshme.<\/p>","protected":false},"excerpt":{"rendered":"<p>Tr\u00ebndafili Rosa Mondial (70 cm) \u00ebsht\u00eb nj\u00eb zgjedhje e sofistikuar me nuanca delikate t\u00eb bardha dhe nj\u00eb prekje t\u00eb but\u00eb kremi. Me petale t\u00eb m\u00ebdha dhe q\u00ebndrueshm\u00ebri t\u00eb shk\u00eblqyer, ky tr\u00ebndafil \u00ebsht\u00eb perfekt p\u00ebr buqeta elegante, dekorime dasmash dhe dhurata t\u00eb ve\u00e7anta. Simbolizon past\u00ebrtin\u00eb, harmonin\u00eb dhe dashurin\u00eb e p\u00ebrjetshme.<\/p>","protected":false},"featured_media":53,"comment_status":"open","ping_status":"closed","template":"","meta":[],"product_brand":[],"product_cat":[16,17],"product_tag":[],"class_list":{"0":"post-29","1":"product","2":"type-product","3":"status-publish","4":"has-post-thumbnail","6":"product_cat-bouquet","7":"product_cat-monbouquette","8":"wcpa_has_options","10":"first","11":"instock","12":"taxable","13":"shipping-taxable","14":"purchasable","15":"product-type-variable","16":"has-default-attributes"},"aioseo_notices":[],"jetpack_sharing_enabled":true,"_links":{"self":[{"href":"https:\/\/floralfantasyshop.com\/sq\/wp-json\/wp\/v2\/product\/29","targetHints":{"allow":["GET"]}}],"collection":[{"href":"https:\/\/floralfantasyshop.com\/sq\/wp-json\/wp\/v2\/product"}],"about":[{"href":"https:\/\/floralfantasyshop.com\/sq\/wp-json\/wp\/v2\/types\/product"}],"replies":[{"embeddable":true,"href":"https:\/\/floralfantasyshop.com\/sq\/wp-json\/wp\/v2\/comments?post=29"}],"wp:featuredmedia":[{"embeddable":true,"href":"https:\/\/floralfantasyshop.com\/sq\/wp-json\/wp\/v2\/media\/53"}],"wp:attachment":[{"href":"https:\/\/floralfantasyshop.com\/sq\/wp-json\/wp\/v2\/media?parent=29"}],"wp:term":[{"taxonomy":"product_brand","embeddable":true,"href":"https:\/\/floralfantasyshop.com\/sq\/wp-json\/wp\/v2\/product_brand?post=29"},{"taxonomy":"product_cat","embeddable":true,"href":"https:\/\/floralfantasyshop.com\/sq\/wp-json\/wp\/v2\/product_cat?post=29"},{"taxonomy":"product_tag","embeddable":true,"href":"https:\/\/floralfantasyshop.com\/sq\/wp-json\/wp\/v2\/product_tag?post=29"}],"curies":[{"name":"wp","href":"https:\/\/api.w.org\/{rel}","templated":true}]}}