{"id":33,"date":"2025-03-18T22:20:21","date_gmt":"2025-03-18T22:20:21","guid":{"rendered":"https:\/\/floralfantasyshop.com\/?post_type=product&#038;p=33"},"modified":"2025-04-21T22:42:15","modified_gmt":"2025-04-21T22:42:15","slug":"peony-sarah-bernhardt","status":"publish","type":"product","link":"https:\/\/floralfantasyshop.com\/sq\/produkt\/peony-sarah-bernhardt\/","title":{"rendered":"Peony Sarah Bernhardt"},"content":{"rendered":"<p><strong data-start=\"70\" data-end=\"95\">Peony Sarah Bernhardt<\/strong> \u00ebsht\u00eb nj\u00eb nga varietetet m\u00eb t\u00eb dashura t\u00eb bozhureve, e njohur p\u00ebr petalet e saj t\u00eb m\u00ebdha, t\u00eb dendur dhe n\u00eb nj\u00eb nuanc\u00eb t\u00eb but\u00eb roz\u00eb. Aroma e saj delikate dhe q\u00ebndrueshm\u00ebria e shk\u00eblqyer e b\u00ebjn\u00eb ideale p\u00ebr buqeta elegante, dekorime dasmash dhe dhurata t\u00eb ve\u00e7anta.<\/p>","protected":false},"excerpt":{"rendered":"<p>Peony Sarah Bernhardt \u00ebsht\u00eb nj\u00eb nga varietetet m\u00eb t\u00eb dashura t\u00eb bozhureve, e njohur p\u00ebr petalet e saj t\u00eb m\u00ebdha, t\u00eb dendur dhe n\u00eb nj\u00eb nuanc\u00eb t\u00eb but\u00eb roz\u00eb. Aroma e saj delikate dhe q\u00ebndrueshm\u00ebria e shk\u00eblqyer e b\u00ebjn\u00eb ideale p\u00ebr buqeta elegante, dekorime dasmash dhe dhurata t\u00eb ve\u00e7anta.<\/p>","protected":false},"featured_media":54,"comment_status":"open","ping_status":"closed","template":"","meta":[],"product_brand":[],"product_cat":[17],"product_tag":[],"class_list":{"0":"post-33","1":"product","2":"type-product","3":"status-publish","4":"has-post-thumbnail","6":"product_cat-monbouquette","7":"wcpa_has_options","9":"first","10":"instock","11":"taxable","12":"shipping-taxable","13":"purchasable","14":"product-type-variable","15":"has-default-attributes"},"aioseo_notices":[],"jetpack_sharing_enabled":true,"_links":{"self":[{"href":"https:\/\/floralfantasyshop.com\/sq\/wp-json\/wp\/v2\/product\/33","targetHints":{"allow":["GET"]}}],"collection":[{"href":"https:\/\/floralfantasyshop.com\/sq\/wp-json\/wp\/v2\/product"}],"about":[{"href":"https:\/\/floralfantasyshop.com\/sq\/wp-json\/wp\/v2\/types\/product"}],"replies":[{"embeddable":true,"href":"https:\/\/floralfantasyshop.com\/sq\/wp-json\/wp\/v2\/comments?post=33"}],"wp:featuredmedia":[{"embeddable":true,"href":"https:\/\/floralfantasyshop.com\/sq\/wp-json\/wp\/v2\/media\/54"}],"wp:attachment":[{"href":"https:\/\/floralfantasyshop.com\/sq\/wp-json\/wp\/v2\/media?parent=33"}],"wp:term":[{"taxonomy":"product_brand","embeddable":true,"href":"https:\/\/floralfantasyshop.com\/sq\/wp-json\/wp\/v2\/product_brand?post=33"},{"taxonomy":"product_cat","embeddable":true,"href":"https:\/\/floralfantasyshop.com\/sq\/wp-json\/wp\/v2\/product_cat?post=33"},{"taxonomy":"product_tag","embeddable":true,"href":"https:\/\/floralfantasyshop.com\/sq\/wp-json\/wp\/v2\/product_tag?post=33"}],"curies":[{"name":"wp","href":"https:\/\/api.w.org\/{rel}","templated":true}]}}