{"id":43,"date":"2025-03-18T22:20:22","date_gmt":"2025-03-18T22:20:22","guid":{"rendered":"https:\/\/floralfantasyshop.com\/?post_type=product&#038;p=43"},"modified":"2025-04-21T22:34:59","modified_gmt":"2025-04-21T22:34:59","slug":"red-roses-freedom-1meter","status":"publish","type":"product","link":"https:\/\/floralfantasyshop.com\/sq\/produkt\/red-roses-freedom-1meter\/","title":{"rendered":"Red roses freedom 1meter"},"content":{"rendered":"<p>Tr\u00ebndafilat e kuq Freedom (1 met\u00ebr) jan\u00eb zgjedhja perfekte p\u00ebr t\u00eb shprehur dashuri, pasion dhe luks. Me petale t\u00eb m\u00ebdha, ngjyr\u00eb intensive dhe q\u00ebndrueshm\u00ebri t\u00eb lart\u00eb, k\u00ebto tr\u00ebndafila premium sjellin nj\u00eb prekje elegance n\u00eb \u00e7do rast. Ideale p\u00ebr dhurata romantike, evente speciale dhe dekorime ekskluzive.<\/p>","protected":false},"excerpt":{"rendered":"<p>Tr\u00ebndafilat e kuq Freedom (1 met\u00ebr) jan\u00eb zgjedhja perfekte p\u00ebr t\u00eb shprehur dashuri, pasion dhe luks. Me petale t\u00eb m\u00ebdha, ngjyr\u00eb intensive dhe q\u00ebndrueshm\u00ebri t\u00eb lart\u00eb, k\u00ebto tr\u00ebndafila premium sjellin nj\u00eb prekje elegance n\u00eb \u00e7do rast. Ideale p\u00ebr dhurata romantike, evente speciale dhe dekorime ekskluzive.<\/p>","protected":false},"featured_media":61,"comment_status":"open","ping_status":"closed","template":"","meta":[],"product_brand":[],"product_cat":[21,16],"product_tag":[],"class_list":{"0":"post-43","1":"product","2":"type-product","3":"status-publish","4":"has-post-thumbnail","6":"product_cat-all-in-red","7":"product_cat-bouquet","8":"wcpa_has_options","10":"first","11":"instock","12":"taxable","13":"shipping-taxable","14":"purchasable","15":"product-type-variable","16":"has-default-attributes"},"aioseo_notices":[],"jetpack_sharing_enabled":true,"_links":{"self":[{"href":"https:\/\/floralfantasyshop.com\/sq\/wp-json\/wp\/v2\/product\/43","targetHints":{"allow":["GET"]}}],"collection":[{"href":"https:\/\/floralfantasyshop.com\/sq\/wp-json\/wp\/v2\/product"}],"about":[{"href":"https:\/\/floralfantasyshop.com\/sq\/wp-json\/wp\/v2\/types\/product"}],"replies":[{"embeddable":true,"href":"https:\/\/floralfantasyshop.com\/sq\/wp-json\/wp\/v2\/comments?post=43"}],"wp:featuredmedia":[{"embeddable":true,"href":"https:\/\/floralfantasyshop.com\/sq\/wp-json\/wp\/v2\/media\/61"}],"wp:attachment":[{"href":"https:\/\/floralfantasyshop.com\/sq\/wp-json\/wp\/v2\/media?parent=43"}],"wp:term":[{"taxonomy":"product_brand","embeddable":true,"href":"https:\/\/floralfantasyshop.com\/sq\/wp-json\/wp\/v2\/product_brand?post=43"},{"taxonomy":"product_cat","embeddable":true,"href":"https:\/\/floralfantasyshop.com\/sq\/wp-json\/wp\/v2\/product_cat?post=43"},{"taxonomy":"product_tag","embeddable":true,"href":"https:\/\/floralfantasyshop.com\/sq\/wp-json\/wp\/v2\/product_tag?post=43"}],"curies":[{"name":"wp","href":"https:\/\/api.w.org\/{rel}","templated":true}]}}