{"id":68,"date":"2025-03-18T22:20:36","date_gmt":"2025-03-18T22:20:36","guid":{"rendered":"https:\/\/floralfantasyshop.com\/?post_type=product&#038;p=68"},"modified":"2025-04-21T22:29:39","modified_gmt":"2025-04-21T22:29:39","slug":"tulip-esther","status":"publish","type":"product","link":"https:\/\/floralfantasyshop.com\/sq\/produkt\/tulip-esther\/","title":{"rendered":"Tulip Esther"},"content":{"rendered":"<div class=\"flex max-w-full flex-col flex-grow\">\n<div class=\"min-h-8 text-message relative flex w-full flex-col items-end gap-2 whitespace-normal break-words text-start [.text-message+&amp;]:mt-5\" dir=\"auto\" data-message-author-role=\"assistant\" data-message-id=\"28f7bdf9-9abd-4b31-94aa-d4e211e1ca29\" data-message-model-slug=\"gpt-4o\">\n<div class=\"flex w-full flex-col gap-1 empty:hidden first:pt-[3px]\">\n<div class=\"markdown prose w-full break-words dark:prose-invert light\">\n<p data-start=\"38\" data-end=\"273\">A simple yet impressive bouquet that features Tulip Esther \u2013 a flower known for its soft color and elegant shape. With its delicate petals and natural grace, this bouquet brings a sense of freshness and refinement.<\/p>\n<\/div>\n<\/div>\n<\/div>\n<\/div>\n","protected":false},"excerpt":{"rendered":"<p>Nj\u00eb buqet\u00eb e thjesht\u00eb, por mbres\u00ebl\u00ebn\u00ebse, e cila p\u00ebrmban Tulip Esther \u2013 nj\u00eb lule e njohur p\u00ebr ngjyr\u00ebn e saj t\u00eb but\u00eb dhe form\u00ebn elegante. Me petalet e saj delikate dhe hijeshin\u00eb natyrale, kjo buqet\u00eb sjell nj\u00eb ndjesi freskie dhe fines\u00eb.<\/p>","protected":false},"featured_media":98,"comment_status":"open","ping_status":"closed","template":"","meta":[],"product_brand":[],"product_cat":[16,24],"product_tag":[],"class_list":{"0":"post-68","1":"product","2":"type-product","3":"status-publish","4":"has-post-thumbnail","6":"product_cat-bouquet","7":"product_cat-tulip-bouquets","8":"wcpa_has_options","10":"first","11":"instock","12":"taxable","13":"shipping-taxable","14":"purchasable","15":"product-type-variable","16":"has-default-attributes"},"aioseo_notices":[],"jetpack_sharing_enabled":true,"_links":{"self":[{"href":"https:\/\/floralfantasyshop.com\/sq\/wp-json\/wp\/v2\/product\/68","targetHints":{"allow":["GET"]}}],"collection":[{"href":"https:\/\/floralfantasyshop.com\/sq\/wp-json\/wp\/v2\/product"}],"about":[{"href":"https:\/\/floralfantasyshop.com\/sq\/wp-json\/wp\/v2\/types\/product"}],"replies":[{"embeddable":true,"href":"https:\/\/floralfantasyshop.com\/sq\/wp-json\/wp\/v2\/comments?post=68"}],"wp:featuredmedia":[{"embeddable":true,"href":"https:\/\/floralfantasyshop.com\/sq\/wp-json\/wp\/v2\/media\/98"}],"wp:attachment":[{"href":"https:\/\/floralfantasyshop.com\/sq\/wp-json\/wp\/v2\/media?parent=68"}],"wp:term":[{"taxonomy":"product_brand","embeddable":true,"href":"https:\/\/floralfantasyshop.com\/sq\/wp-json\/wp\/v2\/product_brand?post=68"},{"taxonomy":"product_cat","embeddable":true,"href":"https:\/\/floralfantasyshop.com\/sq\/wp-json\/wp\/v2\/product_cat?post=68"},{"taxonomy":"product_tag","embeddable":true,"href":"https:\/\/floralfantasyshop.com\/sq\/wp-json\/wp\/v2\/product_tag?post=68"}],"curies":[{"name":"wp","href":"https:\/\/api.w.org\/{rel}","templated":true}]}}